{"id":80,"date":"2014-06-19T15:41:01","date_gmt":"2014-06-19T15:41:01","guid":{"rendered":"http:\/\/consolata.org\/taiwan\/?page_id=80"},"modified":"2024-07-07T16:45:01","modified_gmt":"2024-07-07T16:45:01","slug":"who-are-we","status":"publish","type":"page","link":"https:\/\/taiwan.consolata.org\/?page_id=80","title":{"rendered":"Who are we?"},"content":{"rendered":"\n<div style=\"height:100px\" aria-hidden=\"true\" class=\"wp-block-spacer\"><\/div>\n\n\n\n<p style=\"padding-right:0;padding-left:0\">Este blog lo hemos creado para aquellos que quieren&nbsp; seguir desde cerca esta nueva aventura que los Misioneros de la Consolata comenzamos en Taiw\u00e1n. Desde que nuestra familia misionera naci\u00f3 en 1901 una cosa nos ha siempre movido: compartir el evangelio all\u00ed donde menos se conoce. Por eso al inicio desde Europa &nbsp;fuimos a \u00c1frica, despu\u00e9s a Am\u00e9rica Latina y por ultimo a Asia. No pod\u00edamos no dejarnos interpelar por el desaf\u00edo de este continente &nbsp;asi\u00e1tico donde los cristianos son a\u00fan una minor\u00eda. Ya presentes en Corea (desde 1988) y en Mongolia (desde 2003) queremos abrirnos siempre m\u00e1s decididamente a este continente con nuevas presencias. Este es la raz\u00f3n de nuestro inicio en Taiwan. Piero Demaria, Mathews Odhiambo y Eugenio Boatella seremos los que iniciaremos esta nueva aventura.<\/p>\n\n\n\n<p style=\"padding-right:0;padding-left:0\">Nos gustar\u00eda compartir contigo desde nuestros primeros pasos todo lo que vamos descubriendo de este mundo, tan nuevo y diferente, a trav\u00e9s de este blog, y lo haremos en tres idiomas espa\u00f1ol, ingl\u00e9s e italiano, para facilitar al mayor n\u00famero de personas que se acerquen a este espacio de comunicaci\u00f3n. Esperamos que entres de vez en cuando para seguir nuestras noticias y que tambi\u00e9n dejes tus comentarios que nos enriquecer\u00e1n a todos. De este modo esta nueva misi\u00f3n ser\u00e1 tambi\u00e9n un poco tuya.<\/p>\n\n\n\n<p style=\"padding-right:0;padding-left:0\"><span lang=\"EN-GB\">We have opened this blog particularly for those who would like to follow closely this new adventure which, we, the Consolata Missionaries, are beginning in Taiwan. Since the foundation of our Missionary family in 1901, one thing has always moved us, that is: the zeal to share the Gospel in places where it is hardly known. Therefore right from the beginning we moved from Europe to Africa, then to America and lastly to Asia. We really had no reasons to remain indifferent to the challenges paused by this Asian continent where the Christian population is still at its minimum. Having established our presence in Korea (from 1988) and in Mongolia (from 2003), we have now decisively resolved penetrate even more into Asia with new presences. This is precisely the rationale behind the new opening in Taiwan.&nbsp; Piero Demaria, Mathews Odhiambo and Eugenio Boatella will therefore be the pioneer missionaries to this new mission.<\/span><\/p>\n\n\n\n<p style=\"padding-right:0;padding-left:0\"><span lang=\"EN-GB\">Our wish is therefore to share with all of you, right from the beginning, all the steps and experiences we shall have in this new mission, through this blog. In order to serve the vast majority our readers from diverse linguistic backgrounds, we shall present all the articles in three languages, that is: Spanish, English and Italian. We kindly hope that you will spare some time to follow our experiences and in so doing, giving your valuable comments that will enrich the said mission.<\/span><\/p>\n\n\n\n<div style=\"height:100px\" aria-hidden=\"true\" class=\"wp-block-spacer\"><\/div>\n","protected":false},"excerpt":{"rendered":"<p>Este blog lo hemos creado para aquellos que quieren&nbsp; seguir desde cerca esta nueva aventura que los Misioneros de la Consolata comenzamos en Taiw\u00e1n. Desde que nuestra familia misionera naci\u00f3 en 1901 una cosa nos ha siempre movido: compartir el evangelio all\u00ed donde menos se conoce. Por eso al inicio desde Europa &nbsp;fuimos a \u00c1frica, [&hellip;]<\/p>\n","protected":false},"author":1,"featured_media":84,"parent":0,"menu_order":0,"comment_status":"open","ping_status":"open","template":"","meta":{"footnotes":""},"class_list":["post-80","page","type-page","status-publish","has-post-thumbnail","hentry"],"_links":{"self":[{"href":"https:\/\/taiwan.consolata.org\/index.php?rest_route=\/wp\/v2\/pages\/80","targetHints":{"allow":["GET"]}}],"collection":[{"href":"https:\/\/taiwan.consolata.org\/index.php?rest_route=\/wp\/v2\/pages"}],"about":[{"href":"https:\/\/taiwan.consolata.org\/index.php?rest_route=\/wp\/v2\/types\/page"}],"author":[{"embeddable":true,"href":"https:\/\/taiwan.consolata.org\/index.php?rest_route=\/wp\/v2\/users\/1"}],"replies":[{"embeddable":true,"href":"https:\/\/taiwan.consolata.org\/index.php?rest_route=%2Fwp%2Fv2%2Fcomments&post=80"}],"version-history":[{"count":10,"href":"https:\/\/taiwan.consolata.org\/index.php?rest_route=\/wp\/v2\/pages\/80\/revisions"}],"predecessor-version":[{"id":14775,"href":"https:\/\/taiwan.consolata.org\/index.php?rest_route=\/wp\/v2\/pages\/80\/revisions\/14775"}],"wp:featuredmedia":[{"embeddable":true,"href":"https:\/\/taiwan.consolata.org\/index.php?rest_route=\/wp\/v2\/media\/84"}],"wp:attachment":[{"href":"https:\/\/taiwan.consolata.org\/index.php?rest_route=%2Fwp%2Fv2%2Fmedia&parent=80"}],"curies":[{"name":"wp","href":"https:\/\/api.w.org\/{rel}","templated":true}]}}